{"id":11583,"date":"2021-02-14T21:06:53","date_gmt":"2021-02-14T18:06:53","guid":{"rendered":"https:\/\/onnomedia.com\/?page_id=11583"},"modified":"2021-02-14T22:48:06","modified_gmt":"2021-02-14T19:48:06","slug":"contact","status":"publish","type":"page","link":"https:\/\/onnomedia.com\/en\/contact\/","title":{"rendered":"Contact Us"},"content":{"rendered":"<div class=\"wpb-content-wrapper\"><p>[vc_section][vc_row][vc_column width=&#8221;1\/2&#8243;][\/vc_column][vc_column width=&#8221;1\/2&#8243;][\/vc_column][\/vc_row][vc_row equal_height=&#8221;yes&#8221; content_placement=&#8221;middle&#8221;][vc_column width=&#8221;1\/2&#8243;]<div class=\"wpb_content_element \"><style type=\"text\/css\">@media (max-width: 767px) {#ut_google_map_wrap69ebad1407854 {height: 50vh;}}@media (max-width: 767px) {#ut_google_map_wrap69ebad1407854 {width: 100%;}}@media (min-width: 768px) and (max-width: 1024px) {#ut_google_map_wrap69ebad1407854 {height: 50vh;}}@media (min-width: 768px) and (max-width: 1024px) {#ut_google_map_wrap69ebad1407854 {width: 100%;}}@media (min-width: 1025px) {#ut_google_map_wrap69ebad1407854 {height: 50vh;}}<\/style><div id=\"ut_google_map_wrap69ebad1407854\" class=\"ut-advanced-google-map-wrap  ut-advanced-google-map-wrap-center\"><div id=\"ut_google_map_69ebad1407852\" class=\"ut-advanced-google-map\" data-address=\"Gazipa\u015fa Mahallesi Uzun Sokak No:27 \/ 9 Ortahisar\/Trabzon\" data-api=\"https:\/\/maps.googleapis.com\/maps\/api\/js?key=AIzaSyDFegD6J0AkGcmTlxaT6mjxUgq9rOOXYVw\" data-settings=\"{&quot;styles&quot;:[{&quot;featureType&quot;:&quot;water&quot;,&quot;elementType&quot;:&quot;geometry&quot;,&quot;stylers&quot;:[{&quot;color&quot;:&quot;#e9e9e9&quot;},{&quot;lightness&quot;:17}]},{&quot;featureType&quot;:&quot;landscape&quot;,&quot;elementType&quot;:&quot;geometry&quot;,&quot;stylers&quot;:[{&quot;color&quot;:&quot;#f5f5f5&quot;},{&quot;lightness&quot;:20}]},{&quot;featureType&quot;:&quot;road.highway&quot;,&quot;elementType&quot;:&quot;geometry.fill&quot;,&quot;stylers&quot;:[{&quot;color&quot;:&quot;#ffffff&quot;},{&quot;lightness&quot;:17}]},{&quot;featureType&quot;:&quot;road.highway&quot;,&quot;elementType&quot;:&quot;geometry.stroke&quot;,&quot;stylers&quot;:[{&quot;color&quot;:&quot;#ffffff&quot;},{&quot;lightness&quot;:29},{&quot;weight&quot;:0.2}]},{&quot;featureType&quot;:&quot;road.arterial&quot;,&quot;elementType&quot;:&quot;geometry&quot;,&quot;stylers&quot;:[{&quot;color&quot;:&quot;#ffffff&quot;},{&quot;lightness&quot;:18}]},{&quot;featureType&quot;:&quot;road.local&quot;,&quot;elementType&quot;:&quot;geometry&quot;,&quot;stylers&quot;:[{&quot;color&quot;:&quot;#ffffff&quot;},{&quot;lightness&quot;:16}]},{&quot;featureType&quot;:&quot;poi&quot;,&quot;elementType&quot;:&quot;geometry&quot;,&quot;stylers&quot;:[{&quot;color&quot;:&quot;#f5f5f5&quot;},{&quot;lightness&quot;:21}]},{&quot;featureType&quot;:&quot;poi.park&quot;,&quot;elementType&quot;:&quot;geometry&quot;,&quot;stylers&quot;:[{&quot;color&quot;:&quot;#dedede&quot;},{&quot;lightness&quot;:21}]},{&quot;elementType&quot;:&quot;labels.text.stroke&quot;,&quot;stylers&quot;:[{&quot;visibility&quot;:&quot;on&quot;},{&quot;color&quot;:&quot;#ffffff&quot;},{&quot;lightness&quot;:16}]},{&quot;elementType&quot;:&quot;labels.text.fill&quot;,&quot;stylers&quot;:[{&quot;saturation&quot;:36},{&quot;color&quot;:&quot;#333333&quot;},{&quot;lightness&quot;:40}]},{&quot;elementType&quot;:&quot;labels.icon&quot;,&quot;stylers&quot;:[{&quot;visibility&quot;:&quot;off&quot;}]},{&quot;featureType&quot;:&quot;transit&quot;,&quot;elementType&quot;:&quot;geometry&quot;,&quot;stylers&quot;:[{&quot;color&quot;:&quot;#f2f2f2&quot;},{&quot;lightness&quot;:19}]},{&quot;featureType&quot;:&quot;administrative&quot;,&quot;elementType&quot;:&quot;geometry.fill&quot;,&quot;stylers&quot;:[{&quot;color&quot;:&quot;#fefefe&quot;},{&quot;lightness&quot;:20}]},{&quot;featureType&quot;:&quot;administrative&quot;,&quot;elementType&quot;:&quot;geometry.stroke&quot;,&quot;stylers&quot;:[{&quot;color&quot;:&quot;#fefefe&quot;},{&quot;lightness&quot;:17},{&quot;weight&quot;:1.2}]}],&quot;zoom&quot;:14,&quot;marker&quot;:&quot;https:\\\/\\\/onnomedia.com\\\/wp-content\\\/uploads\\\/2018\\\/05\\\/map-pin.png&quot;} \"><\/div><\/div><\/div>[\/vc_column][vc_column width=&#8221;1\/2&#8243;]<div class=\"wpb_content_element \"><style type=\"text\/css\"><\/style><header id=\"ut_header_69ebad1407f16\" class=\"section-header  ut-no-title-linebreak-mobile ut-no-lead-linebreak-mobile pt-style-2 header-center header-tablet-center header-mobile-center element-with-custom-line-height\"><div class=\"element-with-custom-line-height\" ><h2 data-title=\"+90-850-532-2101\"  data-responsive-font=\"section_title\" class=\"section-title  \"><span>+90-850-532-2101<\/span><\/h2><\/div><div data-delay=\"0\" class=\"lead \"><p>Uzun Sok. Hayat Apt. No:27\/9 Ortahisar Trabzon<br \/>\n(Collezione Ma\u011fazas\u0131 \u00fcst\u00fc 4.kat)<\/p>\n<\/div><\/header><\/div>[\/vc_column][\/vc_row][\/vc_section]<\/p>\n<\/div>","protected":false},"excerpt":{"rendered":"<p>[vc_section][vc_row][vc_column width=&#8221;1\/2&#8243;][\/vc_column][vc_column width=&#8221;1\/2&#8243;][\/vc_column][\/vc_row][vc_row equal_height=&#8221;yes&#8221; content_placement=&#8221;middle&#8221;][vc_column width=&#8221;1\/2&#8243;][\/vc_column][vc_column width=&#8221;1\/2&#8243;][\/vc_column][\/vc_row][\/vc_section]<\/p>\n","protected":false},"author":1,"featured_media":0,"parent":0,"menu_order":0,"comment_status":"closed","ping_status":"closed","template":"","meta":{"footnotes":""},"class_list":["post-11583","page","type-page","status-publish","hentry"],"yoast_head":"<!-- This site is optimized with the Yoast SEO plugin v27.4 - https:\/\/yoast.com\/product\/yoast-seo-wordpress\/ -->\n<title>Contact Us - Onno Media Digital<\/title>\n<meta name=\"robots\" content=\"index, follow, max-snippet:-1, max-image-preview:large, max-video-preview:-1\" \/>\n<link rel=\"canonical\" href=\"https:\/\/onnomedia.com\/en\/contact\/\" \/>\n<meta property=\"og:locale\" content=\"en_US\" \/>\n<meta property=\"og:type\" content=\"article\" \/>\n<meta property=\"og:title\" content=\"Contact Us - Onno Media Digital\" \/>\n<meta property=\"og:description\" content=\"[vc_section][vc_row][vc_column width=&#8221;1\/2&#8243;][\/vc_column][vc_column width=&#8221;1\/2&#8243;][\/vc_column][\/vc_row][vc_row equal_height=&#8221;yes&#8221; content_placement=&#8221;middle&#8221;][vc_column width=&#8221;1\/2&#8243;][\/vc_column][vc_column width=&#8221;1\/2&#8243;][\/vc_column][\/vc_row][\/vc_section]\" \/>\n<meta property=\"og:url\" content=\"https:\/\/onnomedia.com\/en\/contact\/\" \/>\n<meta property=\"og:site_name\" content=\"Onno Media Digital\" \/>\n<meta property=\"article:publisher\" content=\"https:\/\/facebook.com\/onnomedia\" \/>\n<meta property=\"article:modified_time\" content=\"2021-02-14T19:48:06+00:00\" \/>\n<meta name=\"twitter:card\" content=\"summary_large_image\" \/>\n<meta name=\"twitter:site\" content=\"@onnomedia\" \/>\n<script type=\"application\/ld+json\" class=\"yoast-schema-graph\">{\"@context\":\"https:\\\/\\\/schema.org\",\"@graph\":[{\"@type\":\"WebPage\",\"@id\":\"https:\\\/\\\/onnomedia.com\\\/en\\\/contact\\\/\",\"url\":\"https:\\\/\\\/onnomedia.com\\\/en\\\/contact\\\/\",\"name\":\"Contact Us - Onno Media Digital\",\"isPartOf\":{\"@id\":\"https:\\\/\\\/onnomedia.com\\\/en\\\/#website\"},\"datePublished\":\"2021-02-14T18:06:53+00:00\",\"dateModified\":\"2021-02-14T19:48:06+00:00\",\"breadcrumb\":{\"@id\":\"https:\\\/\\\/onnomedia.com\\\/en\\\/contact\\\/#breadcrumb\"},\"inLanguage\":\"en-US\",\"potentialAction\":[{\"@type\":\"ReadAction\",\"target\":[\"https:\\\/\\\/onnomedia.com\\\/en\\\/contact\\\/\"]}]},{\"@type\":\"BreadcrumbList\",\"@id\":\"https:\\\/\\\/onnomedia.com\\\/en\\\/contact\\\/#breadcrumb\",\"itemListElement\":[{\"@type\":\"ListItem\",\"position\":1,\"name\":\"Ana sayfa\",\"item\":\"https:\\\/\\\/onnomedia.com\\\/en\\\/\"},{\"@type\":\"ListItem\",\"position\":2,\"name\":\"Contact Us\"}]},{\"@type\":\"WebSite\",\"@id\":\"https:\\\/\\\/onnomedia.com\\\/en\\\/#website\",\"url\":\"https:\\\/\\\/onnomedia.com\\\/en\\\/\",\"name\":\"Onno Media Digital\",\"description\":\"&quot;on numara kalite&quot;\",\"publisher\":{\"@id\":\"https:\\\/\\\/onnomedia.com\\\/en\\\/#organization\"},\"potentialAction\":[{\"@type\":\"SearchAction\",\"target\":{\"@type\":\"EntryPoint\",\"urlTemplate\":\"https:\\\/\\\/onnomedia.com\\\/en\\\/?s={search_term_string}\"},\"query-input\":{\"@type\":\"PropertyValueSpecification\",\"valueRequired\":true,\"valueName\":\"search_term_string\"}}],\"inLanguage\":\"en-US\"},{\"@type\":\"Organization\",\"@id\":\"https:\\\/\\\/onnomedia.com\\\/en\\\/#organization\",\"name\":\"Onno Media Dijital\",\"url\":\"https:\\\/\\\/onnomedia.com\\\/en\\\/\",\"logo\":{\"@type\":\"ImageObject\",\"inLanguage\":\"en-US\",\"@id\":\"https:\\\/\\\/onnomedia.com\\\/en\\\/#\\\/schema\\\/logo\\\/image\\\/\",\"url\":\"https:\\\/\\\/onnomedia.com\\\/wp-content\\\/uploads\\\/2018\\\/10\\\/apple-touch-icon.png\",\"contentUrl\":\"https:\\\/\\\/onnomedia.com\\\/wp-content\\\/uploads\\\/2018\\\/10\\\/apple-touch-icon.png\",\"width\":180,\"height\":180,\"caption\":\"Onno Media Dijital\"},\"image\":{\"@id\":\"https:\\\/\\\/onnomedia.com\\\/en\\\/#\\\/schema\\\/logo\\\/image\\\/\"},\"sameAs\":[\"https:\\\/\\\/facebook.com\\\/onnomedia\",\"https:\\\/\\\/x.com\\\/onnomedia\",\"https:\\\/\\\/instagram.com\\\/onnomedia\"]}]}<\/script>\n<!-- \/ Yoast SEO plugin. -->","yoast_head_json":{"title":"Contact Us - Onno Media Digital","robots":{"index":"index","follow":"follow","max-snippet":"max-snippet:-1","max-image-preview":"max-image-preview:large","max-video-preview":"max-video-preview:-1"},"canonical":"https:\/\/onnomedia.com\/en\/contact\/","og_locale":"en_US","og_type":"article","og_title":"Contact Us - Onno Media Digital","og_description":"[vc_section][vc_row][vc_column width=&#8221;1\/2&#8243;][\/vc_column][vc_column width=&#8221;1\/2&#8243;][\/vc_column][\/vc_row][vc_row equal_height=&#8221;yes&#8221; content_placement=&#8221;middle&#8221;][vc_column width=&#8221;1\/2&#8243;][\/vc_column][vc_column width=&#8221;1\/2&#8243;][\/vc_column][\/vc_row][\/vc_section]","og_url":"https:\/\/onnomedia.com\/en\/contact\/","og_site_name":"Onno Media Digital","article_publisher":"https:\/\/facebook.com\/onnomedia","article_modified_time":"2021-02-14T19:48:06+00:00","twitter_card":"summary_large_image","twitter_site":"@onnomedia","schema":{"@context":"https:\/\/schema.org","@graph":[{"@type":"WebPage","@id":"https:\/\/onnomedia.com\/en\/contact\/","url":"https:\/\/onnomedia.com\/en\/contact\/","name":"Contact Us - Onno Media Digital","isPartOf":{"@id":"https:\/\/onnomedia.com\/en\/#website"},"datePublished":"2021-02-14T18:06:53+00:00","dateModified":"2021-02-14T19:48:06+00:00","breadcrumb":{"@id":"https:\/\/onnomedia.com\/en\/contact\/#breadcrumb"},"inLanguage":"en-US","potentialAction":[{"@type":"ReadAction","target":["https:\/\/onnomedia.com\/en\/contact\/"]}]},{"@type":"BreadcrumbList","@id":"https:\/\/onnomedia.com\/en\/contact\/#breadcrumb","itemListElement":[{"@type":"ListItem","position":1,"name":"Ana sayfa","item":"https:\/\/onnomedia.com\/en\/"},{"@type":"ListItem","position":2,"name":"Contact Us"}]},{"@type":"WebSite","@id":"https:\/\/onnomedia.com\/en\/#website","url":"https:\/\/onnomedia.com\/en\/","name":"Onno Media Digital","description":"&quot;on numara kalite&quot;","publisher":{"@id":"https:\/\/onnomedia.com\/en\/#organization"},"potentialAction":[{"@type":"SearchAction","target":{"@type":"EntryPoint","urlTemplate":"https:\/\/onnomedia.com\/en\/?s={search_term_string}"},"query-input":{"@type":"PropertyValueSpecification","valueRequired":true,"valueName":"search_term_string"}}],"inLanguage":"en-US"},{"@type":"Organization","@id":"https:\/\/onnomedia.com\/en\/#organization","name":"Onno Media Dijital","url":"https:\/\/onnomedia.com\/en\/","logo":{"@type":"ImageObject","inLanguage":"en-US","@id":"https:\/\/onnomedia.com\/en\/#\/schema\/logo\/image\/","url":"https:\/\/onnomedia.com\/wp-content\/uploads\/2018\/10\/apple-touch-icon.png","contentUrl":"https:\/\/onnomedia.com\/wp-content\/uploads\/2018\/10\/apple-touch-icon.png","width":180,"height":180,"caption":"Onno Media Dijital"},"image":{"@id":"https:\/\/onnomedia.com\/en\/#\/schema\/logo\/image\/"},"sameAs":["https:\/\/facebook.com\/onnomedia","https:\/\/x.com\/onnomedia","https:\/\/instagram.com\/onnomedia"]}]}},"_links":{"self":[{"href":"https:\/\/onnomedia.com\/en\/wp-json\/wp\/v2\/pages\/11583","targetHints":{"allow":["GET"]}}],"collection":[{"href":"https:\/\/onnomedia.com\/en\/wp-json\/wp\/v2\/pages"}],"about":[{"href":"https:\/\/onnomedia.com\/en\/wp-json\/wp\/v2\/types\/page"}],"author":[{"embeddable":true,"href":"https:\/\/onnomedia.com\/en\/wp-json\/wp\/v2\/users\/1"}],"replies":[{"embeddable":true,"href":"https:\/\/onnomedia.com\/en\/wp-json\/wp\/v2\/comments?post=11583"}],"version-history":[{"count":0,"href":"https:\/\/onnomedia.com\/en\/wp-json\/wp\/v2\/pages\/11583\/revisions"}],"wp:attachment":[{"href":"https:\/\/onnomedia.com\/en\/wp-json\/wp\/v2\/media?parent=11583"}],"curies":[{"name":"wp","href":"https:\/\/api.w.org\/{rel}","templated":true}]}}